{"id":7,"date":"2023-06-22T02:52:21","date_gmt":"2023-06-22T00:52:21","guid":{"rendered":"http:\/\/kahyia.world\/?page_id=7"},"modified":"2024-09-07T03:50:39","modified_gmt":"2024-09-07T01:50:39","slug":"accueil","status":"publish","type":"page","link":"https:\/\/kahyia.world\/","title":{"rendered":"Accueil"},"content":{"rendered":"<table width=100%>\n<tr>\n<td colspan=\"2\">\n<h1>Gen\u00e8se<\/h1>\n<p>\t<strong>6e extinction<\/strong><\/p>\n<p>A la fin des ann\u00e9es 2000, <a href=\"https:\/\/christophe-pinard.fr\" rel=\"noopener\" target=\"_blank\">Christophe Pinard<\/a> va \u00e9tudier la th\u00e9orie de l&rsquo;\u00e9volution et tenter de faire le lien entre les cinq extinctions de masse pr\u00e9c\u00e9dentes et la 6e en cours.<br \/>\nDe cette \u00e9tude, il en sortira deux concepts qui se r\u00e9alisent lors de chaque extinction massive&nbsp;:<br \/>\n\t&#8211; En fonction de la gravit\u00e9 de la crise, les esp\u00e8ces au-dessus d&rsquo;une certaine corpulence finissent toutes par disparaitre.<br \/>\n\t&#8211; D\u00e8s qu&rsquo;une certaine stabilit\u00e9 sera retrouv\u00e9e, les esp\u00e8ces survivantes finissent par \u00e9voluer sous diff\u00e9rentes formes, c&rsquo;est ce qu&rsquo;on appelle la radiation \u00e9volutive.\n        <\/td>\n<\/tr>\n<tr>\n<td width=\"67%\">\n\t<strong>Conclusions<\/strong><br \/>\nSur ces bases, il en d\u00e9duit qu&rsquo;Homo sapiens est l&rsquo;une des esp\u00e8ces les plus menac\u00e9e puisqu&rsquo;elle fait partie des 1% des esp\u00e8ces les plus massives de la plan\u00e8te. Puis, il se dit qu&rsquo;il existe toujours des groupes humains, ici ou l\u00e0, qui vivent principalement des ressources naturelles disponibles dans leur environnement et ce, sans technologie.<br \/>\nAlors, si certaines de ses tribus survivaient \u00e0 la 6e extinction et sur les bases du second postulat et des pressions environnementales, ces groupes se mettraient alors \u00e0 \u00e9voluer ind\u00e9pendamment les unes des autres.<\/p>\n<p>\t<strong>Kahyia<\/strong><br \/>\nKahyia nait ainsi de ces conclusions, avec cinq nouvelles esp\u00e8ces humaines ayant chacune ces caract\u00e9ristiques propres. Nous les retrouvons plusieurs millions d&rsquo;ann\u00e9es plus tard, une fois qu&rsquo;elles auront \u00e0 nouveau conquis la plan\u00e8te.\n        <\/td>\n<td width=\"33%\" Align=Center>\n            <a href=\"https:\/\/www.amazon.fr\/dp\/B0D43LJF13\" target=\"_blank\" rel=\"noopener\"><img loading=\"lazy\" decoding=\"async\" src=\"http:\/\/christophe-pinard.fr\/wp-content\/uploads\/2024\/04\/Couverture-Kahyia-VF.png\" alt=\"\" width=\"200\" height=\"320\" class=\"alignnone size-full wp-image-33\" \/><\/a><br \/>\n            <a href=\"https:\/\/www.amazon.fr\/dp\/B0D43LJF13\" target=\"_blank\" rel=\"noopener\">Disponible en exclusivit\u00e9 ici&#8230;<\/a>\n        <\/td>\n<\/tr>\n<tr>\n<td colspan=\"2\">\n<h1>Cycle Kahyia<\/h1>\n<p>\t&#8230;avant et apr\u00e8s&#8230;<\/p>\n<p>Le roman Kahyia s&rsquo;inscrit dans un cycle de plusieurs romans plus ou moins en cours de d\u00e9veloppement. Il y aura d\u00e9j\u00e0 sa suite, Kima qui nous am\u00e8nera sur Mars (publication pr\u00e9vu en 2026). Puis trois autres suites sont pr\u00e9vues nous amenant de Kahyia aux confins de l&rsquo;Univers et de ses myst\u00e8res&#8230;<br \/>\nDeux prequels sont \u00e9galement en pr\u00e9paration qui feront le lien entre l&rsquo;\u00e9poque actuelle et le d\u00e9but du roman Kahyia.<\/p>\n<p>Bien entendu, beaucoup d&rsquo;autres r\u00e9cits peuvent naitre \u00e0 partir des concepts d\u00e9crits dans Kahyia, que cela soit apr\u00e8s&#8230; ou avant&#8230;<\/p>\n<p>Cliquez ici pour <a href=\"http:\/\/christophe-pinard.fr\" rel=\"noopener\" target=\"_blank\">acc\u00e9der \u00e0 la page de Christophe Pinard<\/a><\/p>\n<\/td>\n<\/tr>\n<\/table>\n","protected":false},"excerpt":{"rendered":"<p>Gen\u00e8se 6e extinction A la fin des ann\u00e9es 2000, Christophe Pinard va \u00e9tudier la th\u00e9orie de l&rsquo;\u00e9volution et tenter de faire le lien entre les cinq extinctions de masse pr\u00e9c\u00e9dentes et la 6e en cours. De cette \u00e9tude, il en sortira deux concepts qui se r\u00e9alisent lors de chaque extinction&#8230;<\/p>\n<p> <a class=\"continue-reading-link\" href=\"https:\/\/kahyia.world\/\"><span>Continue reading<\/span><i class=\"crycon-right-dir\"><\/i><\/a> <\/p>\n","protected":false},"author":1,"featured_media":0,"parent":0,"menu_order":0,"comment_status":"closed","ping_status":"closed","template":"","meta":{"footnotes":""},"class_list":["post-7","page","type-page","status-publish","hentry"],"_links":{"self":[{"href":"https:\/\/kahyia.world\/index.php\/wp-json\/wp\/v2\/pages\/7","targetHints":{"allow":["GET"]}}],"collection":[{"href":"https:\/\/kahyia.world\/index.php\/wp-json\/wp\/v2\/pages"}],"about":[{"href":"https:\/\/kahyia.world\/index.php\/wp-json\/wp\/v2\/types\/page"}],"author":[{"embeddable":true,"href":"https:\/\/kahyia.world\/index.php\/wp-json\/wp\/v2\/users\/1"}],"replies":[{"embeddable":true,"href":"https:\/\/kahyia.world\/index.php\/wp-json\/wp\/v2\/comments?post=7"}],"version-history":[{"count":12,"href":"https:\/\/kahyia.world\/index.php\/wp-json\/wp\/v2\/pages\/7\/revisions"}],"predecessor-version":[{"id":32,"href":"https:\/\/kahyia.world\/index.php\/wp-json\/wp\/v2\/pages\/7\/revisions\/32"}],"wp:attachment":[{"href":"https:\/\/kahyia.world\/index.php\/wp-json\/wp\/v2\/media?parent=7"}],"curies":[{"name":"wp","href":"https:\/\/api.w.org\/{rel}","templated":true}]}}